{"id":4464,"date":"2022-11-29T11:42:41","date_gmt":"2022-11-29T11:42:41","guid":{"rendered":"https:\/\/www.jt-padelsport.com\/product\/dutch-padel-prestige-pro\/"},"modified":"2023-08-23T12:33:23","modified_gmt":"2023-08-23T12:33:23","slug":"dutch-padel-prestige-pro","status":"publish","type":"product","link":"https:\/\/www.jt-padelsport.com\/de\/produkt\/dutch-padel-prestige-pro\/","title":{"rendered":"Dutch Padel Prestige Pro"},"content":{"rendered":"<p>Der <strong>Dutchpadel Prestige Pro<\/strong> ist f\u00fcr fortgeschrittene Padelspieler konzipiert. Der Schl\u00e4gerkopf hat eine runde Form. Das bedeutet, dass der Sweetspot relativ gro\u00df ist, sodass Ihre Schl\u00e4ge schneller treffen.<\/p>\n<p>Das runde Schl\u00e4gerblatt sorgt au\u00dferdem daf\u00fcr, dass das Gewicht an allen Stellen gleichm\u00e4\u00dfig ist, was die Handhabung des Schl\u00e4gers erleichtert. Die runde Form in Kombination mit dem Gewicht (350 &#8211; 365 Gramm) macht diesen Schl\u00e4ger ideal f\u00fcr ein Spiel mit viel Kontrolle, Komfort, Power und Spin.<\/p>\n<p><strong>Wichtigste Funktionen:<\/strong><\/p>\n<ul>\n<li>Gemacht f\u00fcr: fortgeschrittene Padelspieler;<\/li>\n<li>Blattform: Rund;<\/li>\n<li>Balance: Mittel;<\/li>\n<li>Gewicht: 350 bis 370 Gramm;<\/li>\n<li>Leistungs-\/Kontrollverh\u00e4ltnis 35\/65;<\/li>\n<li>Veredelt mit 2 Lagen 18k Carbon und 1 Lage Faser.<\/li>\n<\/ul>\n","protected":false},"excerpt":{"rendered":"<p>Der Prestige Pro ist \u201eder\u201c Schl\u00e4ger f\u00fcr den fortgeschrittenen oder Wettkampfspieler, der jeden Ball kontrollieren m\u00f6chte. Alle verwendeten Materialien und das durchdachte Lochmuster des Schl\u00e4gerkopfes sind darauf ausgelegt, jederzeit eine Top-Leistung abzuliefern.<\/p>\n","protected":false},"featured_media":3849,"template":"","meta":{"_acf_changed":false},"product_brand":[],"product_cat":[255,262],"product_tag":[],"class_list":{"0":"post-4464","1":"product","2":"type-product","3":"status-publish","4":"has-post-thumbnail","6":"product_cat-padel-schlaeger","7":"product_cat-padelschlaeger-fuer-fortgeschrittene","9":"first","10":"outofstock","11":"taxable","12":"shipping-taxable","13":"purchasable","14":"product-type-simple"},"acf":[],"yoast_head":"<!-- This site is optimized with the Yoast SEO plugin v27.3 - https:\/\/yoast.com\/product\/yoast-seo-wordpress\/ -->\n<title>Dutch Padel Prestige Pro - JT-Padelsport.com<\/title>\n<meta name=\"robots\" content=\"index, follow, max-snippet:-1, max-image-preview:large, max-video-preview:-1\" \/>\n<link rel=\"canonical\" href=\"https:\/\/www.jt-padelsport.com\/de\/produkt\/dutch-padel-prestige-pro\/\" \/>\n<meta property=\"og:locale\" content=\"de_DE\" \/>\n<meta property=\"og:type\" content=\"article\" \/>\n<meta property=\"og:title\" content=\"Dutch Padel Prestige Pro - JT-Padelsport.com\" \/>\n<meta property=\"og:description\" content=\"Der Prestige Pro ist \u201eder\u201c Schl\u00e4ger f\u00fcr den fortgeschrittenen oder Wettkampfspieler, der jeden Ball kontrollieren m\u00f6chte. Alle verwendeten Materialien und das durchdachte Lochmuster des Schl\u00e4gerkopfes sind darauf ausgelegt, jederzeit eine Top-Leistung abzuliefern.\" \/>\n<meta property=\"og:url\" content=\"https:\/\/www.jt-padelsport.com\/de\/produkt\/dutch-padel-prestige-pro\/\" \/>\n<meta property=\"og:site_name\" content=\"JT-Padelsport.com\" \/>\n<meta property=\"article:modified_time\" content=\"2023-08-23T12:33:23+00:00\" \/>\n<meta property=\"og:image\" content=\"https:\/\/www.jt-padelsport.com\/wp-content\/uploads\/2022\/11\/Dutch-padel-Prestige-Pro-JT-padelsport.png\" \/>\n\t<meta property=\"og:image:width\" content=\"1080\" \/>\n\t<meta property=\"og:image:height\" content=\"1080\" \/>\n\t<meta property=\"og:image:type\" content=\"image\/png\" \/>\n<meta name=\"twitter:card\" content=\"summary_large_image\" \/>\n<meta name=\"twitter:label1\" content=\"Gesch\u00e4tzte Lesezeit\" \/>\n\t<meta name=\"twitter:data1\" content=\"1\u00a0Minute\" \/>\n<script type=\"application\/ld+json\" class=\"yoast-schema-graph\">{\"@context\":\"https:\\\/\\\/schema.org\",\"@graph\":[{\"@type\":\"WebPage\",\"@id\":\"https:\\\/\\\/www.jt-padelsport.com\\\/de\\\/produkt\\\/dutch-padel-prestige-pro\\\/\",\"url\":\"https:\\\/\\\/www.jt-padelsport.com\\\/de\\\/produkt\\\/dutch-padel-prestige-pro\\\/\",\"name\":\"Dutch Padel Prestige Pro - JT-Padelsport.com\",\"isPartOf\":{\"@id\":\"https:\\\/\\\/www.jt-padelsport.com\\\/de\\\/#website\"},\"primaryImageOfPage\":{\"@id\":\"https:\\\/\\\/www.jt-padelsport.com\\\/de\\\/produkt\\\/dutch-padel-prestige-pro\\\/#primaryimage\"},\"image\":{\"@id\":\"https:\\\/\\\/www.jt-padelsport.com\\\/de\\\/produkt\\\/dutch-padel-prestige-pro\\\/#primaryimage\"},\"thumbnailUrl\":\"https:\\\/\\\/www.jt-padelsport.com\\\/wp-content\\\/uploads\\\/2022\\\/11\\\/Dutch-padel-Prestige-Pro-JT-padelsport.png\",\"datePublished\":\"2022-11-29T11:42:41+00:00\",\"dateModified\":\"2023-08-23T12:33:23+00:00\",\"breadcrumb\":{\"@id\":\"https:\\\/\\\/www.jt-padelsport.com\\\/de\\\/produkt\\\/dutch-padel-prestige-pro\\\/#breadcrumb\"},\"inLanguage\":\"de\",\"potentialAction\":[{\"@type\":\"ReadAction\",\"target\":[\"https:\\\/\\\/www.jt-padelsport.com\\\/de\\\/produkt\\\/dutch-padel-prestige-pro\\\/\"]}]},{\"@type\":\"ImageObject\",\"inLanguage\":\"de\",\"@id\":\"https:\\\/\\\/www.jt-padelsport.com\\\/de\\\/produkt\\\/dutch-padel-prestige-pro\\\/#primaryimage\",\"url\":\"https:\\\/\\\/www.jt-padelsport.com\\\/wp-content\\\/uploads\\\/2022\\\/11\\\/Dutch-padel-Prestige-Pro-JT-padelsport.png\",\"contentUrl\":\"https:\\\/\\\/www.jt-padelsport.com\\\/wp-content\\\/uploads\\\/2022\\\/11\\\/Dutch-padel-Prestige-Pro-JT-padelsport.png\",\"width\":1080,\"height\":1080,\"caption\":\"Dutch padel Prestige Pro - JT-padelsport\"},{\"@type\":\"BreadcrumbList\",\"@id\":\"https:\\\/\\\/www.jt-padelsport.com\\\/de\\\/produkt\\\/dutch-padel-prestige-pro\\\/#breadcrumb\",\"itemListElement\":[{\"@type\":\"ListItem\",\"position\":1,\"name\":\"Home\",\"item\":\"https:\\\/\\\/www.jt-padelsport.com\\\/de\\\/\"},{\"@type\":\"ListItem\",\"position\":2,\"name\":\"Shop\",\"item\":\"https:\\\/\\\/www.jt-padelsport.com\\\/de\\\/shop\\\/\"},{\"@type\":\"ListItem\",\"position\":3,\"name\":\"Padel-Schl\u00e4ger\",\"item\":\"https:\\\/\\\/www.jt-padelsport.com\\\/de\\\/padel-schlaeger\\\/\"},{\"@type\":\"ListItem\",\"position\":4,\"name\":\"Dutch Padel Prestige Pro\"}]},{\"@type\":\"WebSite\",\"@id\":\"https:\\\/\\\/www.jt-padelsport.com\\\/de\\\/#website\",\"url\":\"https:\\\/\\\/www.jt-padelsport.com\\\/de\\\/\",\"name\":\"JT-Padelsport.com\",\"description\":\"Padel-Artikel k\u00f6nnen Sie bei JT-Padelsport kaufen\",\"potentialAction\":[{\"@type\":\"SearchAction\",\"target\":{\"@type\":\"EntryPoint\",\"urlTemplate\":\"https:\\\/\\\/www.jt-padelsport.com\\\/de\\\/?s={search_term_string}\"},\"query-input\":{\"@type\":\"PropertyValueSpecification\",\"valueRequired\":true,\"valueName\":\"search_term_string\"}}],\"inLanguage\":\"de\"}]}<\/script>\n<!-- \/ Yoast SEO plugin. -->","yoast_head_json":{"title":"Dutch Padel Prestige Pro - JT-Padelsport.com","robots":{"index":"index","follow":"follow","max-snippet":"max-snippet:-1","max-image-preview":"max-image-preview:large","max-video-preview":"max-video-preview:-1"},"canonical":"https:\/\/www.jt-padelsport.com\/de\/produkt\/dutch-padel-prestige-pro\/","og_locale":"de_DE","og_type":"article","og_title":"Dutch Padel Prestige Pro - JT-Padelsport.com","og_description":"Der Prestige Pro ist \u201eder\u201c Schl\u00e4ger f\u00fcr den fortgeschrittenen oder Wettkampfspieler, der jeden Ball kontrollieren m\u00f6chte. Alle verwendeten Materialien und das durchdachte Lochmuster des Schl\u00e4gerkopfes sind darauf ausgelegt, jederzeit eine Top-Leistung abzuliefern.","og_url":"https:\/\/www.jt-padelsport.com\/de\/produkt\/dutch-padel-prestige-pro\/","og_site_name":"JT-Padelsport.com","article_modified_time":"2023-08-23T12:33:23+00:00","og_image":[{"width":1080,"height":1080,"url":"https:\/\/www.jt-padelsport.com\/wp-content\/uploads\/2022\/11\/Dutch-padel-Prestige-Pro-JT-padelsport.png","type":"image\/png"}],"twitter_card":"summary_large_image","twitter_misc":{"Gesch\u00e4tzte Lesezeit":"1\u00a0Minute"},"schema":{"@context":"https:\/\/schema.org","@graph":[{"@type":"WebPage","@id":"https:\/\/www.jt-padelsport.com\/de\/produkt\/dutch-padel-prestige-pro\/","url":"https:\/\/www.jt-padelsport.com\/de\/produkt\/dutch-padel-prestige-pro\/","name":"Dutch Padel Prestige Pro - JT-Padelsport.com","isPartOf":{"@id":"https:\/\/www.jt-padelsport.com\/de\/#website"},"primaryImageOfPage":{"@id":"https:\/\/www.jt-padelsport.com\/de\/produkt\/dutch-padel-prestige-pro\/#primaryimage"},"image":{"@id":"https:\/\/www.jt-padelsport.com\/de\/produkt\/dutch-padel-prestige-pro\/#primaryimage"},"thumbnailUrl":"https:\/\/www.jt-padelsport.com\/wp-content\/uploads\/2022\/11\/Dutch-padel-Prestige-Pro-JT-padelsport.png","datePublished":"2022-11-29T11:42:41+00:00","dateModified":"2023-08-23T12:33:23+00:00","breadcrumb":{"@id":"https:\/\/www.jt-padelsport.com\/de\/produkt\/dutch-padel-prestige-pro\/#breadcrumb"},"inLanguage":"de","potentialAction":[{"@type":"ReadAction","target":["https:\/\/www.jt-padelsport.com\/de\/produkt\/dutch-padel-prestige-pro\/"]}]},{"@type":"ImageObject","inLanguage":"de","@id":"https:\/\/www.jt-padelsport.com\/de\/produkt\/dutch-padel-prestige-pro\/#primaryimage","url":"https:\/\/www.jt-padelsport.com\/wp-content\/uploads\/2022\/11\/Dutch-padel-Prestige-Pro-JT-padelsport.png","contentUrl":"https:\/\/www.jt-padelsport.com\/wp-content\/uploads\/2022\/11\/Dutch-padel-Prestige-Pro-JT-padelsport.png","width":1080,"height":1080,"caption":"Dutch padel Prestige Pro - JT-padelsport"},{"@type":"BreadcrumbList","@id":"https:\/\/www.jt-padelsport.com\/de\/produkt\/dutch-padel-prestige-pro\/#breadcrumb","itemListElement":[{"@type":"ListItem","position":1,"name":"Home","item":"https:\/\/www.jt-padelsport.com\/de\/"},{"@type":"ListItem","position":2,"name":"Shop","item":"https:\/\/www.jt-padelsport.com\/de\/shop\/"},{"@type":"ListItem","position":3,"name":"Padel-Schl\u00e4ger","item":"https:\/\/www.jt-padelsport.com\/de\/padel-schlaeger\/"},{"@type":"ListItem","position":4,"name":"Dutch Padel Prestige Pro"}]},{"@type":"WebSite","@id":"https:\/\/www.jt-padelsport.com\/de\/#website","url":"https:\/\/www.jt-padelsport.com\/de\/","name":"JT-Padelsport.com","description":"Padel-Artikel k\u00f6nnen Sie bei JT-Padelsport kaufen","potentialAction":[{"@type":"SearchAction","target":{"@type":"EntryPoint","urlTemplate":"https:\/\/www.jt-padelsport.com\/de\/?s={search_term_string}"},"query-input":{"@type":"PropertyValueSpecification","valueRequired":true,"valueName":"search_term_string"}}],"inLanguage":"de"}]}},"_links":{"self":[{"href":"https:\/\/www.jt-padelsport.com\/de\/wp-json\/wp\/v2\/product\/4464","targetHints":{"allow":["GET"]}}],"collection":[{"href":"https:\/\/www.jt-padelsport.com\/de\/wp-json\/wp\/v2\/product"}],"about":[{"href":"https:\/\/www.jt-padelsport.com\/de\/wp-json\/wp\/v2\/types\/product"}],"wp:featuredmedia":[{"embeddable":true,"href":"https:\/\/www.jt-padelsport.com\/de\/wp-json\/wp\/v2\/media\/3849"}],"wp:attachment":[{"href":"https:\/\/www.jt-padelsport.com\/de\/wp-json\/wp\/v2\/media?parent=4464"}],"wp:term":[{"taxonomy":"product_brand","embeddable":true,"href":"https:\/\/www.jt-padelsport.com\/de\/wp-json\/wp\/v2\/product_brand?post=4464"},{"taxonomy":"product_cat","embeddable":true,"href":"https:\/\/www.jt-padelsport.com\/de\/wp-json\/wp\/v2\/product_cat?post=4464"},{"taxonomy":"product_tag","embeddable":true,"href":"https:\/\/www.jt-padelsport.com\/de\/wp-json\/wp\/v2\/product_tag?post=4464"}],"curies":[{"name":"wp","href":"https:\/\/api.w.org\/{rel}","templated":true}]}}