{"id":4447,"date":"2023-03-21T11:06:44","date_gmt":"2023-03-21T11:06:44","guid":{"rendered":"https:\/\/www.jt-padelsport.com\/product\/drop-shot-legend-4-0\/"},"modified":"2023-08-23T12:32:22","modified_gmt":"2023-08-23T12:32:22","slug":"drop-shot-legend-4-0","status":"publish","type":"product","link":"https:\/\/www.jt-padelsport.com\/de\/produkt\/drop-shot-legend-4-0\/","title":{"rendered":"Drop Shot Legend 4.0"},"content":{"rendered":"<p>Der <strong>Drop Shot Legend 4.0<\/strong> ist f\u00fcr fortgeschrittene Spieler geeignet. Der Schl\u00e4gerkopf hat eine \u00fcbergro\u00dfe runde Form. Das bedeutet, dass der Sweet Spot relativ gro\u00df ist und sich in der Mitte des Schl\u00e4gers befindet. Der Balancepunkt liegt etwas tiefer, was f\u00fcr einen wendigen Schl\u00e4ger mit viel Komfort sorgt. Der Schl\u00e4ger eignet sich f\u00fcr Spieler, die ihre Defensivschl\u00e4ge beschleunigen m\u00f6chten und zus\u00e4tzliche Kraft bei Offensivschl\u00e4gen suchen.<\/p>\n<p>Das bei der TeXtreme-Technologie verwendete Carbon hat eine besonders feine und flache Struktur und ist dadurch widerstandsf\u00e4hig und flexibel. Dies sorgt f\u00fcr ein hervorragendes Ballgef\u00fchl. Das Twin Tubular System sorgt f\u00fcr Steifigkeit im Rahmen, sodass bei Ihrem Schlag keine Energie verloren geht. Das Power Beam Heart sorgt zudem f\u00fcr maximale Energieoptimierung bei jedem Schlag. Dar\u00fcber hinaus sorgt der Silikon-Griffkanal daf\u00fcr, dass Vibrationen im Griff des Schl\u00e4gers reduziert werden, was f\u00fcr zus\u00e4tzlichen Komfort sorgt. Dank der 3D-Struktur auf dem Schl\u00e4gerblatt k\u00f6nnen Sie dem Ball eine zus\u00e4tzliche Wirkung verleihen. Auf der Oberseite des Rahmens befindet sich eine Schutzschicht, die Ihren Schl\u00e4ger vor St\u00f6\u00dfen und Kratzern sch\u00fctzt.<\/p>\n<p><strong>Wichtigste Funktionen:<\/strong><\/p>\n<ul>\n<li>Gemacht f\u00fcr: Fortgeschrittene Spieler;<\/li>\n<li>Blattform: Rund;<\/li>\n<li>Balance: Ausgewogen;<\/li>\n<li>Gewicht: 360 &#8211; 380 Gramm;<\/li>\n<li>Klingenst\u00e4rke: 38 mm.<\/li>\n<\/ul>\n","protected":false},"excerpt":{"rendered":"<p>Der Drop Shot Legend 4.0 ist f\u00fcr fortgeschrittene Spieler geeignet. Der Schl\u00e4gerkopf hat eine \u00fcbergro\u00dfe runde Form.<\/p>\n","protected":false},"featured_media":4269,"template":"","meta":{"_acf_changed":false},"product_brand":[],"product_cat":[255,262],"product_tag":[],"class_list":{"0":"post-4447","1":"product","2":"type-product","3":"status-publish","4":"has-post-thumbnail","6":"product_cat-padel-schlaeger","7":"product_cat-padelschlaeger-fuer-fortgeschrittene","9":"first","10":"instock","11":"taxable","12":"shipping-taxable","13":"purchasable","14":"product-type-simple"},"acf":[],"yoast_head":"<!-- This site is optimized with the Yoast SEO plugin v27.3 - https:\/\/yoast.com\/product\/yoast-seo-wordpress\/ -->\n<title>Drop Shot Legend 4.0 - JT-Padelsport.com<\/title>\n<meta name=\"robots\" content=\"index, follow, max-snippet:-1, max-image-preview:large, max-video-preview:-1\" \/>\n<link rel=\"canonical\" href=\"https:\/\/www.jt-padelsport.com\/de\/produkt\/drop-shot-legend-4-0\/\" \/>\n<meta property=\"og:locale\" content=\"de_DE\" \/>\n<meta property=\"og:type\" content=\"article\" \/>\n<meta property=\"og:title\" content=\"Drop Shot Legend 4.0 - JT-Padelsport.com\" \/>\n<meta property=\"og:description\" content=\"Der Drop Shot Legend 4.0 ist f\u00fcr fortgeschrittene Spieler geeignet. Der Schl\u00e4gerkopf hat eine \u00fcbergro\u00dfe runde Form.\" \/>\n<meta property=\"og:url\" content=\"https:\/\/www.jt-padelsport.com\/de\/produkt\/drop-shot-legend-4-0\/\" \/>\n<meta property=\"og:site_name\" content=\"JT-Padelsport.com\" \/>\n<meta property=\"article:modified_time\" content=\"2023-08-23T12:32:22+00:00\" \/>\n<meta property=\"og:image\" content=\"https:\/\/www.jt-padelsport.com\/wp-content\/uploads\/2023\/03\/Drop-Shot-Legend-Padel-Racket-1.png\" \/>\n\t<meta property=\"og:image:width\" content=\"768\" \/>\n\t<meta property=\"og:image:height\" content=\"768\" \/>\n\t<meta property=\"og:image:type\" content=\"image\/png\" \/>\n<meta name=\"twitter:card\" content=\"summary_large_image\" \/>\n<meta name=\"twitter:label1\" content=\"Gesch\u00e4tzte Lesezeit\" \/>\n\t<meta name=\"twitter:data1\" content=\"1\u00a0Minute\" \/>\n<script type=\"application\/ld+json\" class=\"yoast-schema-graph\">{\"@context\":\"https:\\\/\\\/schema.org\",\"@graph\":[{\"@type\":\"WebPage\",\"@id\":\"https:\\\/\\\/www.jt-padelsport.com\\\/de\\\/produkt\\\/drop-shot-legend-4-0\\\/\",\"url\":\"https:\\\/\\\/www.jt-padelsport.com\\\/de\\\/produkt\\\/drop-shot-legend-4-0\\\/\",\"name\":\"Drop Shot Legend 4.0 - JT-Padelsport.com\",\"isPartOf\":{\"@id\":\"https:\\\/\\\/www.jt-padelsport.com\\\/de\\\/#website\"},\"primaryImageOfPage\":{\"@id\":\"https:\\\/\\\/www.jt-padelsport.com\\\/de\\\/produkt\\\/drop-shot-legend-4-0\\\/#primaryimage\"},\"image\":{\"@id\":\"https:\\\/\\\/www.jt-padelsport.com\\\/de\\\/produkt\\\/drop-shot-legend-4-0\\\/#primaryimage\"},\"thumbnailUrl\":\"https:\\\/\\\/www.jt-padelsport.com\\\/wp-content\\\/uploads\\\/2023\\\/03\\\/Drop-Shot-Legend-Padel-Racket-1.png\",\"datePublished\":\"2023-03-21T11:06:44+00:00\",\"dateModified\":\"2023-08-23T12:32:22+00:00\",\"breadcrumb\":{\"@id\":\"https:\\\/\\\/www.jt-padelsport.com\\\/de\\\/produkt\\\/drop-shot-legend-4-0\\\/#breadcrumb\"},\"inLanguage\":\"de\",\"potentialAction\":[{\"@type\":\"ReadAction\",\"target\":[\"https:\\\/\\\/www.jt-padelsport.com\\\/de\\\/produkt\\\/drop-shot-legend-4-0\\\/\"]}]},{\"@type\":\"ImageObject\",\"inLanguage\":\"de\",\"@id\":\"https:\\\/\\\/www.jt-padelsport.com\\\/de\\\/produkt\\\/drop-shot-legend-4-0\\\/#primaryimage\",\"url\":\"https:\\\/\\\/www.jt-padelsport.com\\\/wp-content\\\/uploads\\\/2023\\\/03\\\/Drop-Shot-Legend-Padel-Racket-1.png\",\"contentUrl\":\"https:\\\/\\\/www.jt-padelsport.com\\\/wp-content\\\/uploads\\\/2023\\\/03\\\/Drop-Shot-Legend-Padel-Racket-1.png\",\"width\":768,\"height\":768,\"caption\":\"Drop Shot - Legend - Padel Racket 1\"},{\"@type\":\"BreadcrumbList\",\"@id\":\"https:\\\/\\\/www.jt-padelsport.com\\\/de\\\/produkt\\\/drop-shot-legend-4-0\\\/#breadcrumb\",\"itemListElement\":[{\"@type\":\"ListItem\",\"position\":1,\"name\":\"Home\",\"item\":\"https:\\\/\\\/www.jt-padelsport.com\\\/de\\\/\"},{\"@type\":\"ListItem\",\"position\":2,\"name\":\"Shop\",\"item\":\"https:\\\/\\\/www.jt-padelsport.com\\\/de\\\/shop\\\/\"},{\"@type\":\"ListItem\",\"position\":3,\"name\":\"Padel-Schl\u00e4ger\",\"item\":\"https:\\\/\\\/www.jt-padelsport.com\\\/de\\\/padel-schlaeger\\\/\"},{\"@type\":\"ListItem\",\"position\":4,\"name\":\"Drop Shot Legend 4.0\"}]},{\"@type\":\"WebSite\",\"@id\":\"https:\\\/\\\/www.jt-padelsport.com\\\/de\\\/#website\",\"url\":\"https:\\\/\\\/www.jt-padelsport.com\\\/de\\\/\",\"name\":\"JT-Padelsport.com\",\"description\":\"Padel-Artikel k\u00f6nnen Sie bei JT-Padelsport kaufen\",\"potentialAction\":[{\"@type\":\"SearchAction\",\"target\":{\"@type\":\"EntryPoint\",\"urlTemplate\":\"https:\\\/\\\/www.jt-padelsport.com\\\/de\\\/?s={search_term_string}\"},\"query-input\":{\"@type\":\"PropertyValueSpecification\",\"valueRequired\":true,\"valueName\":\"search_term_string\"}}],\"inLanguage\":\"de\"}]}<\/script>\n<!-- \/ Yoast SEO plugin. -->","yoast_head_json":{"title":"Drop Shot Legend 4.0 - JT-Padelsport.com","robots":{"index":"index","follow":"follow","max-snippet":"max-snippet:-1","max-image-preview":"max-image-preview:large","max-video-preview":"max-video-preview:-1"},"canonical":"https:\/\/www.jt-padelsport.com\/de\/produkt\/drop-shot-legend-4-0\/","og_locale":"de_DE","og_type":"article","og_title":"Drop Shot Legend 4.0 - JT-Padelsport.com","og_description":"Der Drop Shot Legend 4.0 ist f\u00fcr fortgeschrittene Spieler geeignet. Der Schl\u00e4gerkopf hat eine \u00fcbergro\u00dfe runde Form.","og_url":"https:\/\/www.jt-padelsport.com\/de\/produkt\/drop-shot-legend-4-0\/","og_site_name":"JT-Padelsport.com","article_modified_time":"2023-08-23T12:32:22+00:00","og_image":[{"width":768,"height":768,"url":"https:\/\/www.jt-padelsport.com\/wp-content\/uploads\/2023\/03\/Drop-Shot-Legend-Padel-Racket-1.png","type":"image\/png"}],"twitter_card":"summary_large_image","twitter_misc":{"Gesch\u00e4tzte Lesezeit":"1\u00a0Minute"},"schema":{"@context":"https:\/\/schema.org","@graph":[{"@type":"WebPage","@id":"https:\/\/www.jt-padelsport.com\/de\/produkt\/drop-shot-legend-4-0\/","url":"https:\/\/www.jt-padelsport.com\/de\/produkt\/drop-shot-legend-4-0\/","name":"Drop Shot Legend 4.0 - JT-Padelsport.com","isPartOf":{"@id":"https:\/\/www.jt-padelsport.com\/de\/#website"},"primaryImageOfPage":{"@id":"https:\/\/www.jt-padelsport.com\/de\/produkt\/drop-shot-legend-4-0\/#primaryimage"},"image":{"@id":"https:\/\/www.jt-padelsport.com\/de\/produkt\/drop-shot-legend-4-0\/#primaryimage"},"thumbnailUrl":"https:\/\/www.jt-padelsport.com\/wp-content\/uploads\/2023\/03\/Drop-Shot-Legend-Padel-Racket-1.png","datePublished":"2023-03-21T11:06:44+00:00","dateModified":"2023-08-23T12:32:22+00:00","breadcrumb":{"@id":"https:\/\/www.jt-padelsport.com\/de\/produkt\/drop-shot-legend-4-0\/#breadcrumb"},"inLanguage":"de","potentialAction":[{"@type":"ReadAction","target":["https:\/\/www.jt-padelsport.com\/de\/produkt\/drop-shot-legend-4-0\/"]}]},{"@type":"ImageObject","inLanguage":"de","@id":"https:\/\/www.jt-padelsport.com\/de\/produkt\/drop-shot-legend-4-0\/#primaryimage","url":"https:\/\/www.jt-padelsport.com\/wp-content\/uploads\/2023\/03\/Drop-Shot-Legend-Padel-Racket-1.png","contentUrl":"https:\/\/www.jt-padelsport.com\/wp-content\/uploads\/2023\/03\/Drop-Shot-Legend-Padel-Racket-1.png","width":768,"height":768,"caption":"Drop Shot - Legend - Padel Racket 1"},{"@type":"BreadcrumbList","@id":"https:\/\/www.jt-padelsport.com\/de\/produkt\/drop-shot-legend-4-0\/#breadcrumb","itemListElement":[{"@type":"ListItem","position":1,"name":"Home","item":"https:\/\/www.jt-padelsport.com\/de\/"},{"@type":"ListItem","position":2,"name":"Shop","item":"https:\/\/www.jt-padelsport.com\/de\/shop\/"},{"@type":"ListItem","position":3,"name":"Padel-Schl\u00e4ger","item":"https:\/\/www.jt-padelsport.com\/de\/padel-schlaeger\/"},{"@type":"ListItem","position":4,"name":"Drop Shot Legend 4.0"}]},{"@type":"WebSite","@id":"https:\/\/www.jt-padelsport.com\/de\/#website","url":"https:\/\/www.jt-padelsport.com\/de\/","name":"JT-Padelsport.com","description":"Padel-Artikel k\u00f6nnen Sie bei JT-Padelsport kaufen","potentialAction":[{"@type":"SearchAction","target":{"@type":"EntryPoint","urlTemplate":"https:\/\/www.jt-padelsport.com\/de\/?s={search_term_string}"},"query-input":{"@type":"PropertyValueSpecification","valueRequired":true,"valueName":"search_term_string"}}],"inLanguage":"de"}]}},"_links":{"self":[{"href":"https:\/\/www.jt-padelsport.com\/de\/wp-json\/wp\/v2\/product\/4447","targetHints":{"allow":["GET"]}}],"collection":[{"href":"https:\/\/www.jt-padelsport.com\/de\/wp-json\/wp\/v2\/product"}],"about":[{"href":"https:\/\/www.jt-padelsport.com\/de\/wp-json\/wp\/v2\/types\/product"}],"wp:featuredmedia":[{"embeddable":true,"href":"https:\/\/www.jt-padelsport.com\/de\/wp-json\/wp\/v2\/media\/4269"}],"wp:attachment":[{"href":"https:\/\/www.jt-padelsport.com\/de\/wp-json\/wp\/v2\/media?parent=4447"}],"wp:term":[{"taxonomy":"product_brand","embeddable":true,"href":"https:\/\/www.jt-padelsport.com\/de\/wp-json\/wp\/v2\/product_brand?post=4447"},{"taxonomy":"product_cat","embeddable":true,"href":"https:\/\/www.jt-padelsport.com\/de\/wp-json\/wp\/v2\/product_cat?post=4447"},{"taxonomy":"product_tag","embeddable":true,"href":"https:\/\/www.jt-padelsport.com\/de\/wp-json\/wp\/v2\/product_tag?post=4447"}],"curies":[{"name":"wp","href":"https:\/\/api.w.org\/{rel}","templated":true}]}}