{"id":4440,"date":"2022-11-29T11:31:38","date_gmt":"2022-11-29T11:31:38","guid":{"rendered":"https:\/\/www.jt-padelsport.com\/product\/dutch-padel-vulcan\/"},"modified":"2023-08-23T12:33:23","modified_gmt":"2023-08-23T12:33:23","slug":"dutch-padel-vulcan","status":"publish","type":"product","link":"https:\/\/www.jt-padelsport.com\/de\/produkt\/dutch-padel-vulcan\/","title":{"rendered":"Dutch Padel Vulcan"},"content":{"rendered":"<p>Der <strong>Dutchpadel Vulcan<\/strong> ist f\u00fcr Anf\u00e4nger und erfahrene Padelspieler konzipiert. Der Schl\u00e4gerkopf hat eine runde Form. Das bedeutet, dass der Sweetspot relativ gro\u00df ist, sodass Ihre Schl\u00e4ge schneller treffen.<\/p>\n<p>Das runde Schl\u00e4gerblatt sorgt au\u00dferdem daf\u00fcr, dass das Gewicht an allen Stellen gleichm\u00e4\u00dfig ist, was die Handhabung des Schl\u00e4gers erleichtert. Die runde Form in Kombination mit dem Gewicht (350 &#8211; 365 Gramm) macht diesen Schl\u00e4ger ideal f\u00fcr ein Spiel mit viel Kontrolle, Komfort und Spin.<\/p>\n<p>Die Konstruktion ist die gleiche wie beim Ganador, nur dass der Vulcan etwas besseres EVA und ein anderes Lochmuster verwendet. Dadurch k\u00f6nnen Sie etwas pr\u00e4ziser spielen.<\/p>\n<p>Auch der Vulcan ist genau derselbe wie der Xplosion, nur hat er ein eigenes Farbschema.<\/p>\n<p><strong>Wichtigste Funktionen:<\/strong><\/p>\n<ul>\n<li>Gemacht f\u00fcr: Anf\u00e4nger und erfahrene Padelspieler;<\/li>\n<li>Blattform: Rund;<\/li>\n<li>Balance: Mittel;<\/li>\n<li>Gewicht: 350 bis 365 Gramm;<\/li>\n<li>Veredelt mit 1 Schicht 18k Carbon und 1 Schicht Faser (Rahmen aus 100 % Carbon).<\/li>\n<\/ul>\n","protected":false},"excerpt":{"rendered":"<p>Der Vulcan und der Xplosion sind zwei identische Schl\u00e4ger mit eigenem Farbschema. Beide Schl\u00e4ger \u00e4hneln in ihrer Konstruktion dem Ganador, sind jedoch durch die Verwendung von hochwertigem EVA und unterschiedlichen Lochmustern etwas spezifischer zu spielen.<\/p>\n","protected":false},"featured_media":3843,"template":"","meta":{"_acf_changed":false},"product_brand":[],"product_cat":[255,257,262],"product_tag":[],"class_list":{"0":"post-4440","1":"product","2":"type-product","3":"status-publish","4":"has-post-thumbnail","6":"product_cat-padel-schlaeger","7":"product_cat-padelschlager-fur-anfanger","8":"product_cat-padelschlaeger-fuer-fortgeschrittene","10":"first","11":"outofstock","12":"taxable","13":"shipping-taxable","14":"purchasable","15":"product-type-simple"},"acf":[],"yoast_head":"<!-- This site is optimized with the Yoast SEO plugin v27.3 - https:\/\/yoast.com\/product\/yoast-seo-wordpress\/ -->\n<title>Dutch Padel Vulcan - JT-Padelsport.com<\/title>\n<meta name=\"robots\" content=\"index, follow, max-snippet:-1, max-image-preview:large, max-video-preview:-1\" \/>\n<link rel=\"canonical\" href=\"https:\/\/www.jt-padelsport.com\/de\/produkt\/dutch-padel-vulcan\/\" \/>\n<meta property=\"og:locale\" content=\"de_DE\" \/>\n<meta property=\"og:type\" content=\"article\" \/>\n<meta property=\"og:title\" content=\"Dutch Padel Vulcan - JT-Padelsport.com\" \/>\n<meta property=\"og:description\" content=\"Der Vulcan und der Xplosion sind zwei identische Schl\u00e4ger mit eigenem Farbschema. Beide Schl\u00e4ger \u00e4hneln in ihrer Konstruktion dem Ganador, sind jedoch durch die Verwendung von hochwertigem EVA und unterschiedlichen Lochmustern etwas spezifischer zu spielen.\" \/>\n<meta property=\"og:url\" content=\"https:\/\/www.jt-padelsport.com\/de\/produkt\/dutch-padel-vulcan\/\" \/>\n<meta property=\"og:site_name\" content=\"JT-Padelsport.com\" \/>\n<meta property=\"article:modified_time\" content=\"2023-08-23T12:33:23+00:00\" \/>\n<meta property=\"og:image\" content=\"https:\/\/www.jt-padelsport.com\/wp-content\/uploads\/2022\/11\/Dutch-Padel-Vulcan-JT-padelsport-1.png\" \/>\n\t<meta property=\"og:image:width\" content=\"1080\" \/>\n\t<meta property=\"og:image:height\" content=\"1080\" \/>\n\t<meta property=\"og:image:type\" content=\"image\/png\" \/>\n<meta name=\"twitter:card\" content=\"summary_large_image\" \/>\n<meta name=\"twitter:label1\" content=\"Gesch\u00e4tzte Lesezeit\" \/>\n\t<meta name=\"twitter:data1\" content=\"1\u00a0Minute\" \/>\n<script type=\"application\/ld+json\" class=\"yoast-schema-graph\">{\"@context\":\"https:\\\/\\\/schema.org\",\"@graph\":[{\"@type\":\"WebPage\",\"@id\":\"https:\\\/\\\/www.jt-padelsport.com\\\/de\\\/produkt\\\/dutch-padel-vulcan\\\/\",\"url\":\"https:\\\/\\\/www.jt-padelsport.com\\\/de\\\/produkt\\\/dutch-padel-vulcan\\\/\",\"name\":\"Dutch Padel Vulcan - JT-Padelsport.com\",\"isPartOf\":{\"@id\":\"https:\\\/\\\/www.jt-padelsport.com\\\/de\\\/#website\"},\"primaryImageOfPage\":{\"@id\":\"https:\\\/\\\/www.jt-padelsport.com\\\/de\\\/produkt\\\/dutch-padel-vulcan\\\/#primaryimage\"},\"image\":{\"@id\":\"https:\\\/\\\/www.jt-padelsport.com\\\/de\\\/produkt\\\/dutch-padel-vulcan\\\/#primaryimage\"},\"thumbnailUrl\":\"https:\\\/\\\/www.jt-padelsport.com\\\/wp-content\\\/uploads\\\/2022\\\/11\\\/Dutch-Padel-Vulcan-JT-padelsport-1.png\",\"datePublished\":\"2022-11-29T11:31:38+00:00\",\"dateModified\":\"2023-08-23T12:33:23+00:00\",\"breadcrumb\":{\"@id\":\"https:\\\/\\\/www.jt-padelsport.com\\\/de\\\/produkt\\\/dutch-padel-vulcan\\\/#breadcrumb\"},\"inLanguage\":\"de\",\"potentialAction\":[{\"@type\":\"ReadAction\",\"target\":[\"https:\\\/\\\/www.jt-padelsport.com\\\/de\\\/produkt\\\/dutch-padel-vulcan\\\/\"]}]},{\"@type\":\"ImageObject\",\"inLanguage\":\"de\",\"@id\":\"https:\\\/\\\/www.jt-padelsport.com\\\/de\\\/produkt\\\/dutch-padel-vulcan\\\/#primaryimage\",\"url\":\"https:\\\/\\\/www.jt-padelsport.com\\\/wp-content\\\/uploads\\\/2022\\\/11\\\/Dutch-Padel-Vulcan-JT-padelsport-1.png\",\"contentUrl\":\"https:\\\/\\\/www.jt-padelsport.com\\\/wp-content\\\/uploads\\\/2022\\\/11\\\/Dutch-Padel-Vulcan-JT-padelsport-1.png\",\"width\":1080,\"height\":1080,\"caption\":\"Dutch Padel Vulcan - JT-padelsport (1)\"},{\"@type\":\"BreadcrumbList\",\"@id\":\"https:\\\/\\\/www.jt-padelsport.com\\\/de\\\/produkt\\\/dutch-padel-vulcan\\\/#breadcrumb\",\"itemListElement\":[{\"@type\":\"ListItem\",\"position\":1,\"name\":\"Home\",\"item\":\"https:\\\/\\\/www.jt-padelsport.com\\\/de\\\/\"},{\"@type\":\"ListItem\",\"position\":2,\"name\":\"Shop\",\"item\":\"https:\\\/\\\/www.jt-padelsport.com\\\/de\\\/shop\\\/\"},{\"@type\":\"ListItem\",\"position\":3,\"name\":\"Padel-Schl\u00e4ger\",\"item\":\"https:\\\/\\\/www.jt-padelsport.com\\\/de\\\/padel-schlaeger\\\/\"},{\"@type\":\"ListItem\",\"position\":4,\"name\":\"Padelschl\u00e4ger f\u00fcr Anf\u00e4nger\",\"item\":\"https:\\\/\\\/www.jt-padelsport.com\\\/de\\\/padel-schlaeger\\\/padelschlager-fur-anfanger\\\/\"},{\"@type\":\"ListItem\",\"position\":5,\"name\":\"Dutch Padel Vulcan\"}]},{\"@type\":\"WebSite\",\"@id\":\"https:\\\/\\\/www.jt-padelsport.com\\\/de\\\/#website\",\"url\":\"https:\\\/\\\/www.jt-padelsport.com\\\/de\\\/\",\"name\":\"JT-Padelsport.com\",\"description\":\"Padel-Artikel k\u00f6nnen Sie bei JT-Padelsport kaufen\",\"potentialAction\":[{\"@type\":\"SearchAction\",\"target\":{\"@type\":\"EntryPoint\",\"urlTemplate\":\"https:\\\/\\\/www.jt-padelsport.com\\\/de\\\/?s={search_term_string}\"},\"query-input\":{\"@type\":\"PropertyValueSpecification\",\"valueRequired\":true,\"valueName\":\"search_term_string\"}}],\"inLanguage\":\"de\"}]}<\/script>\n<!-- \/ Yoast SEO plugin. -->","yoast_head_json":{"title":"Dutch Padel Vulcan - JT-Padelsport.com","robots":{"index":"index","follow":"follow","max-snippet":"max-snippet:-1","max-image-preview":"max-image-preview:large","max-video-preview":"max-video-preview:-1"},"canonical":"https:\/\/www.jt-padelsport.com\/de\/produkt\/dutch-padel-vulcan\/","og_locale":"de_DE","og_type":"article","og_title":"Dutch Padel Vulcan - JT-Padelsport.com","og_description":"Der Vulcan und der Xplosion sind zwei identische Schl\u00e4ger mit eigenem Farbschema. Beide Schl\u00e4ger \u00e4hneln in ihrer Konstruktion dem Ganador, sind jedoch durch die Verwendung von hochwertigem EVA und unterschiedlichen Lochmustern etwas spezifischer zu spielen.","og_url":"https:\/\/www.jt-padelsport.com\/de\/produkt\/dutch-padel-vulcan\/","og_site_name":"JT-Padelsport.com","article_modified_time":"2023-08-23T12:33:23+00:00","og_image":[{"width":1080,"height":1080,"url":"https:\/\/www.jt-padelsport.com\/wp-content\/uploads\/2022\/11\/Dutch-Padel-Vulcan-JT-padelsport-1.png","type":"image\/png"}],"twitter_card":"summary_large_image","twitter_misc":{"Gesch\u00e4tzte Lesezeit":"1\u00a0Minute"},"schema":{"@context":"https:\/\/schema.org","@graph":[{"@type":"WebPage","@id":"https:\/\/www.jt-padelsport.com\/de\/produkt\/dutch-padel-vulcan\/","url":"https:\/\/www.jt-padelsport.com\/de\/produkt\/dutch-padel-vulcan\/","name":"Dutch Padel Vulcan - JT-Padelsport.com","isPartOf":{"@id":"https:\/\/www.jt-padelsport.com\/de\/#website"},"primaryImageOfPage":{"@id":"https:\/\/www.jt-padelsport.com\/de\/produkt\/dutch-padel-vulcan\/#primaryimage"},"image":{"@id":"https:\/\/www.jt-padelsport.com\/de\/produkt\/dutch-padel-vulcan\/#primaryimage"},"thumbnailUrl":"https:\/\/www.jt-padelsport.com\/wp-content\/uploads\/2022\/11\/Dutch-Padel-Vulcan-JT-padelsport-1.png","datePublished":"2022-11-29T11:31:38+00:00","dateModified":"2023-08-23T12:33:23+00:00","breadcrumb":{"@id":"https:\/\/www.jt-padelsport.com\/de\/produkt\/dutch-padel-vulcan\/#breadcrumb"},"inLanguage":"de","potentialAction":[{"@type":"ReadAction","target":["https:\/\/www.jt-padelsport.com\/de\/produkt\/dutch-padel-vulcan\/"]}]},{"@type":"ImageObject","inLanguage":"de","@id":"https:\/\/www.jt-padelsport.com\/de\/produkt\/dutch-padel-vulcan\/#primaryimage","url":"https:\/\/www.jt-padelsport.com\/wp-content\/uploads\/2022\/11\/Dutch-Padel-Vulcan-JT-padelsport-1.png","contentUrl":"https:\/\/www.jt-padelsport.com\/wp-content\/uploads\/2022\/11\/Dutch-Padel-Vulcan-JT-padelsport-1.png","width":1080,"height":1080,"caption":"Dutch Padel Vulcan - JT-padelsport (1)"},{"@type":"BreadcrumbList","@id":"https:\/\/www.jt-padelsport.com\/de\/produkt\/dutch-padel-vulcan\/#breadcrumb","itemListElement":[{"@type":"ListItem","position":1,"name":"Home","item":"https:\/\/www.jt-padelsport.com\/de\/"},{"@type":"ListItem","position":2,"name":"Shop","item":"https:\/\/www.jt-padelsport.com\/de\/shop\/"},{"@type":"ListItem","position":3,"name":"Padel-Schl\u00e4ger","item":"https:\/\/www.jt-padelsport.com\/de\/padel-schlaeger\/"},{"@type":"ListItem","position":4,"name":"Padelschl\u00e4ger f\u00fcr Anf\u00e4nger","item":"https:\/\/www.jt-padelsport.com\/de\/padel-schlaeger\/padelschlager-fur-anfanger\/"},{"@type":"ListItem","position":5,"name":"Dutch Padel Vulcan"}]},{"@type":"WebSite","@id":"https:\/\/www.jt-padelsport.com\/de\/#website","url":"https:\/\/www.jt-padelsport.com\/de\/","name":"JT-Padelsport.com","description":"Padel-Artikel k\u00f6nnen Sie bei JT-Padelsport kaufen","potentialAction":[{"@type":"SearchAction","target":{"@type":"EntryPoint","urlTemplate":"https:\/\/www.jt-padelsport.com\/de\/?s={search_term_string}"},"query-input":{"@type":"PropertyValueSpecification","valueRequired":true,"valueName":"search_term_string"}}],"inLanguage":"de"}]}},"_links":{"self":[{"href":"https:\/\/www.jt-padelsport.com\/de\/wp-json\/wp\/v2\/product\/4440","targetHints":{"allow":["GET"]}}],"collection":[{"href":"https:\/\/www.jt-padelsport.com\/de\/wp-json\/wp\/v2\/product"}],"about":[{"href":"https:\/\/www.jt-padelsport.com\/de\/wp-json\/wp\/v2\/types\/product"}],"wp:featuredmedia":[{"embeddable":true,"href":"https:\/\/www.jt-padelsport.com\/de\/wp-json\/wp\/v2\/media\/3843"}],"wp:attachment":[{"href":"https:\/\/www.jt-padelsport.com\/de\/wp-json\/wp\/v2\/media?parent=4440"}],"wp:term":[{"taxonomy":"product_brand","embeddable":true,"href":"https:\/\/www.jt-padelsport.com\/de\/wp-json\/wp\/v2\/product_brand?post=4440"},{"taxonomy":"product_cat","embeddable":true,"href":"https:\/\/www.jt-padelsport.com\/de\/wp-json\/wp\/v2\/product_cat?post=4440"},{"taxonomy":"product_tag","embeddable":true,"href":"https:\/\/www.jt-padelsport.com\/de\/wp-json\/wp\/v2\/product_tag?post=4440"}],"curies":[{"name":"wp","href":"https:\/\/api.w.org\/{rel}","templated":true}]}}