{"id":4434,"date":"2022-11-29T12:38:56","date_gmt":"2022-11-29T12:38:56","guid":{"rendered":"https:\/\/www.jt-padelsport.com\/product\/adidas-essnova-light\/"},"modified":"2023-08-23T12:33:19","modified_gmt":"2023-08-23T12:33:19","slug":"adidas-essnova-light","status":"publish","type":"product","link":"https:\/\/www.jt-padelsport.com\/de\/produkt\/adidas-essnova-light\/","title":{"rendered":"Adidas Essnova Light"},"content":{"rendered":"<p>Der <strong>adidas Essnova Light<\/strong> ist ein Schl\u00e4ger, der f\u00fcr erfahrene Padelspieler und fortgeschrittene Spieler geeignet ist, die Leistung und Komfort suchen. Der Schl\u00e4gerkopf hat eine \u00fcbergro\u00dfe Rautenform. Das bedeutet, dass der Sweet Spot relativ h\u00f6her am Schl\u00e4ger liegt, was es einfacher macht, den Ball hart zu schlagen. Der Schl\u00e4ger hat au\u00dferdem eine gr\u00f6\u00dfere Rautenform, wodurch der Sweetspot viel gr\u00f6\u00dfer wird. Dadurch ist der Schl\u00e4ger toleranter, wenn Sie den Ball nicht ganz an der richtigen Stelle treffen.<\/p>\n<p>Die \u00fcbergro\u00dfe Rautenform in Kombination mit dem geringeren Gewicht (345 &#8211; 360 Gramm) macht diesen Schl\u00e4ger sehr wendig und ideal f\u00fcr Spieler, die mit viel Power spielen m\u00f6chten. Die raue Oberfl\u00e4che des Schl\u00e4gerblatts erleichtert zudem das Spielen und sorgt f\u00fcr mehr Effekt.<\/p>\n<p><strong>Wichtigste Funktionen:<\/strong><\/p>\n<ul>\n<li>Gemacht f\u00fcr: Erfahrene Spieler;<\/li>\n<li>Blattform: \u00dcbergro\u00dfer Diamant;<\/li>\n<li>Balance: Mittel;<\/li>\n<li>Gewicht: 345 &#8211; 360 Gramm;<\/li>\n<li>Rahmenmaterial: Carbon;<\/li>\n<li>Klingenmaterial: 3K Carbon;<\/li>\n<li>Kern: EVA Soft Performance Rubber.<\/li>\n<\/ul>\n","protected":false},"excerpt":{"rendered":"<p>Der adidas Essnova Light ist ein Schl\u00e4ger, der f\u00fcr erfahrene Padelspieler und fortgeschrittene Spieler geeignet ist, die Leistung und Komfort suchen.<\/p>\n","protected":false},"featured_media":3884,"template":"","meta":{"_acf_changed":false},"product_brand":[],"product_cat":[255,261,262],"product_tag":[],"class_list":{"0":"post-4434","1":"product","2":"type-product","3":"status-publish","4":"has-post-thumbnail","6":"product_cat-padel-schlaeger","7":"product_cat-padelschlaeger-fuer-damen","8":"product_cat-padelschlaeger-fuer-fortgeschrittene","10":"first","11":"instock","12":"taxable","13":"shipping-taxable","14":"purchasable","15":"product-type-simple"},"acf":[],"yoast_head":"<!-- This site is optimized with the Yoast SEO plugin v27.3 - https:\/\/yoast.com\/product\/yoast-seo-wordpress\/ -->\n<title>Adidas Essnova Light - JT-Padelsport.com<\/title>\n<meta name=\"robots\" content=\"index, follow, max-snippet:-1, max-image-preview:large, max-video-preview:-1\" \/>\n<link rel=\"canonical\" href=\"https:\/\/www.jt-padelsport.com\/de\/produkt\/adidas-essnova-light\/\" \/>\n<meta property=\"og:locale\" content=\"de_DE\" \/>\n<meta property=\"og:type\" content=\"article\" \/>\n<meta property=\"og:title\" content=\"Adidas Essnova Light - JT-Padelsport.com\" \/>\n<meta property=\"og:description\" content=\"Der adidas Essnova Light ist ein Schl\u00e4ger, der f\u00fcr erfahrene Padelspieler und fortgeschrittene Spieler geeignet ist, die Leistung und Komfort suchen.\" \/>\n<meta property=\"og:url\" content=\"https:\/\/www.jt-padelsport.com\/de\/produkt\/adidas-essnova-light\/\" \/>\n<meta property=\"og:site_name\" content=\"JT-Padelsport.com\" \/>\n<meta property=\"article:modified_time\" content=\"2023-08-23T12:33:19+00:00\" \/>\n<meta property=\"og:image\" content=\"https:\/\/www.jt-padelsport.com\/wp-content\/uploads\/2022\/11\/Adidas-Essnova-Light-JT-padelsport.png\" \/>\n\t<meta property=\"og:image:width\" content=\"1080\" \/>\n\t<meta property=\"og:image:height\" content=\"1080\" \/>\n\t<meta property=\"og:image:type\" content=\"image\/png\" \/>\n<meta name=\"twitter:card\" content=\"summary_large_image\" \/>\n<meta name=\"twitter:label1\" content=\"Gesch\u00e4tzte Lesezeit\" \/>\n\t<meta name=\"twitter:data1\" content=\"1\u00a0Minute\" \/>\n<script type=\"application\/ld+json\" class=\"yoast-schema-graph\">{\"@context\":\"https:\\\/\\\/schema.org\",\"@graph\":[{\"@type\":\"WebPage\",\"@id\":\"https:\\\/\\\/www.jt-padelsport.com\\\/de\\\/produkt\\\/adidas-essnova-light\\\/\",\"url\":\"https:\\\/\\\/www.jt-padelsport.com\\\/de\\\/produkt\\\/adidas-essnova-light\\\/\",\"name\":\"Adidas Essnova Light - JT-Padelsport.com\",\"isPartOf\":{\"@id\":\"https:\\\/\\\/www.jt-padelsport.com\\\/de\\\/#website\"},\"primaryImageOfPage\":{\"@id\":\"https:\\\/\\\/www.jt-padelsport.com\\\/de\\\/produkt\\\/adidas-essnova-light\\\/#primaryimage\"},\"image\":{\"@id\":\"https:\\\/\\\/www.jt-padelsport.com\\\/de\\\/produkt\\\/adidas-essnova-light\\\/#primaryimage\"},\"thumbnailUrl\":\"https:\\\/\\\/www.jt-padelsport.com\\\/wp-content\\\/uploads\\\/2022\\\/11\\\/Adidas-Essnova-Light-JT-padelsport.png\",\"datePublished\":\"2022-11-29T12:38:56+00:00\",\"dateModified\":\"2023-08-23T12:33:19+00:00\",\"breadcrumb\":{\"@id\":\"https:\\\/\\\/www.jt-padelsport.com\\\/de\\\/produkt\\\/adidas-essnova-light\\\/#breadcrumb\"},\"inLanguage\":\"de\",\"potentialAction\":[{\"@type\":\"ReadAction\",\"target\":[\"https:\\\/\\\/www.jt-padelsport.com\\\/de\\\/produkt\\\/adidas-essnova-light\\\/\"]}]},{\"@type\":\"ImageObject\",\"inLanguage\":\"de\",\"@id\":\"https:\\\/\\\/www.jt-padelsport.com\\\/de\\\/produkt\\\/adidas-essnova-light\\\/#primaryimage\",\"url\":\"https:\\\/\\\/www.jt-padelsport.com\\\/wp-content\\\/uploads\\\/2022\\\/11\\\/Adidas-Essnova-Light-JT-padelsport.png\",\"contentUrl\":\"https:\\\/\\\/www.jt-padelsport.com\\\/wp-content\\\/uploads\\\/2022\\\/11\\\/Adidas-Essnova-Light-JT-padelsport.png\",\"width\":1080,\"height\":1080,\"caption\":\"Adidas Essnova Light - JT-padelsport\"},{\"@type\":\"BreadcrumbList\",\"@id\":\"https:\\\/\\\/www.jt-padelsport.com\\\/de\\\/produkt\\\/adidas-essnova-light\\\/#breadcrumb\",\"itemListElement\":[{\"@type\":\"ListItem\",\"position\":1,\"name\":\"Home\",\"item\":\"https:\\\/\\\/www.jt-padelsport.com\\\/de\\\/\"},{\"@type\":\"ListItem\",\"position\":2,\"name\":\"Shop\",\"item\":\"https:\\\/\\\/www.jt-padelsport.com\\\/de\\\/shop\\\/\"},{\"@type\":\"ListItem\",\"position\":3,\"name\":\"Padel-Schl\u00e4ger\",\"item\":\"https:\\\/\\\/www.jt-padelsport.com\\\/de\\\/padel-schlaeger\\\/\"},{\"@type\":\"ListItem\",\"position\":4,\"name\":\"Padelschlager fur Fortgeschrittene\",\"item\":\"https:\\\/\\\/www.jt-padelsport.com\\\/de\\\/padel-schlaeger\\\/padelschlaeger-fuer-fortgeschrittene\\\/\"},{\"@type\":\"ListItem\",\"position\":5,\"name\":\"Adidas Essnova Light\"}]},{\"@type\":\"WebSite\",\"@id\":\"https:\\\/\\\/www.jt-padelsport.com\\\/de\\\/#website\",\"url\":\"https:\\\/\\\/www.jt-padelsport.com\\\/de\\\/\",\"name\":\"JT-Padelsport.com\",\"description\":\"Padel-Artikel k\u00f6nnen Sie bei JT-Padelsport kaufen\",\"potentialAction\":[{\"@type\":\"SearchAction\",\"target\":{\"@type\":\"EntryPoint\",\"urlTemplate\":\"https:\\\/\\\/www.jt-padelsport.com\\\/de\\\/?s={search_term_string}\"},\"query-input\":{\"@type\":\"PropertyValueSpecification\",\"valueRequired\":true,\"valueName\":\"search_term_string\"}}],\"inLanguage\":\"de\"}]}<\/script>\n<!-- \/ Yoast SEO plugin. -->","yoast_head_json":{"title":"Adidas Essnova Light - JT-Padelsport.com","robots":{"index":"index","follow":"follow","max-snippet":"max-snippet:-1","max-image-preview":"max-image-preview:large","max-video-preview":"max-video-preview:-1"},"canonical":"https:\/\/www.jt-padelsport.com\/de\/produkt\/adidas-essnova-light\/","og_locale":"de_DE","og_type":"article","og_title":"Adidas Essnova Light - JT-Padelsport.com","og_description":"Der adidas Essnova Light ist ein Schl\u00e4ger, der f\u00fcr erfahrene Padelspieler und fortgeschrittene Spieler geeignet ist, die Leistung und Komfort suchen.","og_url":"https:\/\/www.jt-padelsport.com\/de\/produkt\/adidas-essnova-light\/","og_site_name":"JT-Padelsport.com","article_modified_time":"2023-08-23T12:33:19+00:00","og_image":[{"width":1080,"height":1080,"url":"https:\/\/www.jt-padelsport.com\/wp-content\/uploads\/2022\/11\/Adidas-Essnova-Light-JT-padelsport.png","type":"image\/png"}],"twitter_card":"summary_large_image","twitter_misc":{"Gesch\u00e4tzte Lesezeit":"1\u00a0Minute"},"schema":{"@context":"https:\/\/schema.org","@graph":[{"@type":"WebPage","@id":"https:\/\/www.jt-padelsport.com\/de\/produkt\/adidas-essnova-light\/","url":"https:\/\/www.jt-padelsport.com\/de\/produkt\/adidas-essnova-light\/","name":"Adidas Essnova Light - JT-Padelsport.com","isPartOf":{"@id":"https:\/\/www.jt-padelsport.com\/de\/#website"},"primaryImageOfPage":{"@id":"https:\/\/www.jt-padelsport.com\/de\/produkt\/adidas-essnova-light\/#primaryimage"},"image":{"@id":"https:\/\/www.jt-padelsport.com\/de\/produkt\/adidas-essnova-light\/#primaryimage"},"thumbnailUrl":"https:\/\/www.jt-padelsport.com\/wp-content\/uploads\/2022\/11\/Adidas-Essnova-Light-JT-padelsport.png","datePublished":"2022-11-29T12:38:56+00:00","dateModified":"2023-08-23T12:33:19+00:00","breadcrumb":{"@id":"https:\/\/www.jt-padelsport.com\/de\/produkt\/adidas-essnova-light\/#breadcrumb"},"inLanguage":"de","potentialAction":[{"@type":"ReadAction","target":["https:\/\/www.jt-padelsport.com\/de\/produkt\/adidas-essnova-light\/"]}]},{"@type":"ImageObject","inLanguage":"de","@id":"https:\/\/www.jt-padelsport.com\/de\/produkt\/adidas-essnova-light\/#primaryimage","url":"https:\/\/www.jt-padelsport.com\/wp-content\/uploads\/2022\/11\/Adidas-Essnova-Light-JT-padelsport.png","contentUrl":"https:\/\/www.jt-padelsport.com\/wp-content\/uploads\/2022\/11\/Adidas-Essnova-Light-JT-padelsport.png","width":1080,"height":1080,"caption":"Adidas Essnova Light - JT-padelsport"},{"@type":"BreadcrumbList","@id":"https:\/\/www.jt-padelsport.com\/de\/produkt\/adidas-essnova-light\/#breadcrumb","itemListElement":[{"@type":"ListItem","position":1,"name":"Home","item":"https:\/\/www.jt-padelsport.com\/de\/"},{"@type":"ListItem","position":2,"name":"Shop","item":"https:\/\/www.jt-padelsport.com\/de\/shop\/"},{"@type":"ListItem","position":3,"name":"Padel-Schl\u00e4ger","item":"https:\/\/www.jt-padelsport.com\/de\/padel-schlaeger\/"},{"@type":"ListItem","position":4,"name":"Padelschlager fur Fortgeschrittene","item":"https:\/\/www.jt-padelsport.com\/de\/padel-schlaeger\/padelschlaeger-fuer-fortgeschrittene\/"},{"@type":"ListItem","position":5,"name":"Adidas Essnova Light"}]},{"@type":"WebSite","@id":"https:\/\/www.jt-padelsport.com\/de\/#website","url":"https:\/\/www.jt-padelsport.com\/de\/","name":"JT-Padelsport.com","description":"Padel-Artikel k\u00f6nnen Sie bei JT-Padelsport kaufen","potentialAction":[{"@type":"SearchAction","target":{"@type":"EntryPoint","urlTemplate":"https:\/\/www.jt-padelsport.com\/de\/?s={search_term_string}"},"query-input":{"@type":"PropertyValueSpecification","valueRequired":true,"valueName":"search_term_string"}}],"inLanguage":"de"}]}},"_links":{"self":[{"href":"https:\/\/www.jt-padelsport.com\/de\/wp-json\/wp\/v2\/product\/4434","targetHints":{"allow":["GET"]}}],"collection":[{"href":"https:\/\/www.jt-padelsport.com\/de\/wp-json\/wp\/v2\/product"}],"about":[{"href":"https:\/\/www.jt-padelsport.com\/de\/wp-json\/wp\/v2\/types\/product"}],"wp:featuredmedia":[{"embeddable":true,"href":"https:\/\/www.jt-padelsport.com\/de\/wp-json\/wp\/v2\/media\/3884"}],"wp:attachment":[{"href":"https:\/\/www.jt-padelsport.com\/de\/wp-json\/wp\/v2\/media?parent=4434"}],"wp:term":[{"taxonomy":"product_brand","embeddable":true,"href":"https:\/\/www.jt-padelsport.com\/de\/wp-json\/wp\/v2\/product_brand?post=4434"},{"taxonomy":"product_cat","embeddable":true,"href":"https:\/\/www.jt-padelsport.com\/de\/wp-json\/wp\/v2\/product_cat?post=4434"},{"taxonomy":"product_tag","embeddable":true,"href":"https:\/\/www.jt-padelsport.com\/de\/wp-json\/wp\/v2\/product_tag?post=4434"}],"curies":[{"name":"wp","href":"https:\/\/api.w.org\/{rel}","templated":true}]}}