{"id":4430,"date":"2023-02-06T13:08:05","date_gmt":"2023-02-06T13:08:05","guid":{"rendered":"https:\/\/www.jt-padelsport.com\/product\/pakket-aanbieding-dunlop-rapid-power-3-0-cover-ballen\/"},"modified":"2023-08-23T12:32:51","modified_gmt":"2023-08-23T12:32:51","slug":"paketangebot-dunlop-rapid-power-3-0-cover-balle","status":"publish","type":"product","link":"https:\/\/www.jt-padelsport.com\/de\/produkt\/paketangebot-dunlop-rapid-power-3-0-cover-balle\/","title":{"rendered":"Paketangebot Dunlop Rapid Power 3.0 + Cover + B\u00e4lle"},"content":{"rendered":"<p>Der<strong> Dunlop Rapid Power 3.0<\/strong> ist ein idealer Schl\u00e4ger f\u00fcr Padel-Neulinge, die Leistung und Komfort suchen. Der Schl\u00e4gerkopf hat eine Hybridform. Mit diesem Paket erhalten Sie alles, was Sie brauchen, um sofort auf die Strecke zu gehen. Alle Artikel in diesem Paket passen perfekt zusammen und sind derzeit in limitierter Auflage erh\u00e4ltlich.<\/p>\n<p>Paketangebot <strong>Dunlop Rapid Power 3.0 + Cover + B\u00e4lle<\/strong> bestehend aus:<\/p>\n<ul>\n<li>1x Padelschl\u00e4ger Dunlop Rapid Power 3.0<\/li>\n<li>1x Dunlop Padel-Abdeckung<\/li>\n<li>1x Dunlop Padelb\u00e4lle (3 St\u00fcck)<\/li>\n<\/ul>\n","protected":false},"excerpt":{"rendered":"<p>Paketangebot Dunlop Rapid Power 3.0 mit Dunlop Cover\/Schutzh\u00fclle und 3 St\u00fcck Padelb\u00e4llen (Dunlop Pro Padelball).<\/p>\n","protected":false},"featured_media":4118,"template":"","meta":{"_acf_changed":false},"product_brand":[],"product_cat":[256,255],"product_tag":[],"class_list":{"0":"post-4430","1":"product","2":"type-product","3":"status-publish","4":"has-post-thumbnail","6":"product_cat-padel-paketangebot","7":"product_cat-padel-schlaeger","9":"first","10":"instock","11":"taxable","12":"shipping-taxable","13":"purchasable","14":"product-type-simple"},"acf":[],"yoast_head":"<!-- This site is optimized with the Yoast SEO plugin v27.3 - https:\/\/yoast.com\/product\/yoast-seo-wordpress\/ -->\n<title>Pakket aanbieding Dunlop Rapid Power 3.0 + Cover + Ballen<\/title>\n<meta name=\"robots\" content=\"index, follow, max-snippet:-1, max-image-preview:large, max-video-preview:-1\" \/>\n<link rel=\"canonical\" href=\"https:\/\/www.jt-padelsport.com\/de\/produkt\/paketangebot-dunlop-rapid-power-3-0-cover-balle\/\" \/>\n<meta property=\"og:locale\" content=\"de_DE\" \/>\n<meta property=\"og:type\" content=\"article\" \/>\n<meta property=\"og:title\" content=\"Pakket aanbieding Dunlop Rapid Power 3.0 + Cover + Ballen\" \/>\n<meta property=\"og:description\" content=\"Paketangebot Dunlop Rapid Power 3.0 mit Dunlop Cover\/Schutzh\u00fclle und 3 St\u00fcck Padelb\u00e4llen (Dunlop Pro Padelball).\" \/>\n<meta property=\"og:url\" content=\"https:\/\/www.jt-padelsport.com\/de\/produkt\/paketangebot-dunlop-rapid-power-3-0-cover-balle\/\" \/>\n<meta property=\"og:site_name\" content=\"JT-Padelsport.com\" \/>\n<meta property=\"article:modified_time\" content=\"2023-08-23T12:32:51+00:00\" \/>\n<meta property=\"og:image\" content=\"https:\/\/www.jt-padelsport.com\/wp-content\/uploads\/2023\/02\/Padelpakket-aanbieding-combi-deal-Dunlop-Rapid-Power-3.0-met-tas-en-ballen-JT-padelsport.png\" \/>\n\t<meta property=\"og:image:width\" content=\"768\" \/>\n\t<meta property=\"og:image:height\" content=\"768\" \/>\n\t<meta property=\"og:image:type\" content=\"image\/png\" \/>\n<meta name=\"twitter:card\" content=\"summary_large_image\" \/>\n<script type=\"application\/ld+json\" class=\"yoast-schema-graph\">{\"@context\":\"https:\\\/\\\/schema.org\",\"@graph\":[{\"@type\":\"WebPage\",\"@id\":\"https:\\\/\\\/www.jt-padelsport.com\\\/de\\\/produkt\\\/paketangebot-dunlop-rapid-power-3-0-cover-balle\\\/\",\"url\":\"https:\\\/\\\/www.jt-padelsport.com\\\/de\\\/produkt\\\/paketangebot-dunlop-rapid-power-3-0-cover-balle\\\/\",\"name\":\"Pakket aanbieding Dunlop Rapid Power 3.0 + Cover + Ballen\",\"isPartOf\":{\"@id\":\"https:\\\/\\\/www.jt-padelsport.com\\\/de\\\/#website\"},\"primaryImageOfPage\":{\"@id\":\"https:\\\/\\\/www.jt-padelsport.com\\\/de\\\/produkt\\\/paketangebot-dunlop-rapid-power-3-0-cover-balle\\\/#primaryimage\"},\"image\":{\"@id\":\"https:\\\/\\\/www.jt-padelsport.com\\\/de\\\/produkt\\\/paketangebot-dunlop-rapid-power-3-0-cover-balle\\\/#primaryimage\"},\"thumbnailUrl\":\"https:\\\/\\\/www.jt-padelsport.com\\\/wp-content\\\/uploads\\\/2023\\\/02\\\/Padelpakket-aanbieding-combi-deal-Dunlop-Rapid-Power-3.0-met-tas-en-ballen-JT-padelsport.png\",\"datePublished\":\"2023-02-06T13:08:05+00:00\",\"dateModified\":\"2023-08-23T12:32:51+00:00\",\"breadcrumb\":{\"@id\":\"https:\\\/\\\/www.jt-padelsport.com\\\/de\\\/produkt\\\/paketangebot-dunlop-rapid-power-3-0-cover-balle\\\/#breadcrumb\"},\"inLanguage\":\"de\",\"potentialAction\":[{\"@type\":\"ReadAction\",\"target\":[\"https:\\\/\\\/www.jt-padelsport.com\\\/de\\\/produkt\\\/paketangebot-dunlop-rapid-power-3-0-cover-balle\\\/\"]}]},{\"@type\":\"ImageObject\",\"inLanguage\":\"de\",\"@id\":\"https:\\\/\\\/www.jt-padelsport.com\\\/de\\\/produkt\\\/paketangebot-dunlop-rapid-power-3-0-cover-balle\\\/#primaryimage\",\"url\":\"https:\\\/\\\/www.jt-padelsport.com\\\/wp-content\\\/uploads\\\/2023\\\/02\\\/Padelpakket-aanbieding-combi-deal-Dunlop-Rapid-Power-3.0-met-tas-en-ballen-JT-padelsport.png\",\"contentUrl\":\"https:\\\/\\\/www.jt-padelsport.com\\\/wp-content\\\/uploads\\\/2023\\\/02\\\/Padelpakket-aanbieding-combi-deal-Dunlop-Rapid-Power-3.0-met-tas-en-ballen-JT-padelsport.png\",\"width\":768,\"height\":768,\"caption\":\"Padelpakket aanbieding - combi deal Dunlop Rapid Power 3.0 met tas en ballen - JT-padelsport\"},{\"@type\":\"BreadcrumbList\",\"@id\":\"https:\\\/\\\/www.jt-padelsport.com\\\/de\\\/produkt\\\/paketangebot-dunlop-rapid-power-3-0-cover-balle\\\/#breadcrumb\",\"itemListElement\":[{\"@type\":\"ListItem\",\"position\":1,\"name\":\"Home\",\"item\":\"https:\\\/\\\/www.jt-padelsport.com\\\/de\\\/\"},{\"@type\":\"ListItem\",\"position\":2,\"name\":\"Shop\",\"item\":\"https:\\\/\\\/www.jt-padelsport.com\\\/de\\\/shop\\\/\"},{\"@type\":\"ListItem\",\"position\":3,\"name\":\"Padel-Schl\u00e4ger\",\"item\":\"https:\\\/\\\/www.jt-padelsport.com\\\/de\\\/padel-schlaeger\\\/\"},{\"@type\":\"ListItem\",\"position\":4,\"name\":\"Padel-Paketangebot\",\"item\":\"https:\\\/\\\/www.jt-padelsport.com\\\/de\\\/padel-schlaeger\\\/padel-paketangebot\\\/\"},{\"@type\":\"ListItem\",\"position\":5,\"name\":\"Paketangebot Dunlop Rapid Power 3.0 + Cover + B\u00e4lle\"}]},{\"@type\":\"WebSite\",\"@id\":\"https:\\\/\\\/www.jt-padelsport.com\\\/de\\\/#website\",\"url\":\"https:\\\/\\\/www.jt-padelsport.com\\\/de\\\/\",\"name\":\"JT-Padelsport.com\",\"description\":\"Padel-Artikel k\u00f6nnen Sie bei JT-Padelsport kaufen\",\"potentialAction\":[{\"@type\":\"SearchAction\",\"target\":{\"@type\":\"EntryPoint\",\"urlTemplate\":\"https:\\\/\\\/www.jt-padelsport.com\\\/de\\\/?s={search_term_string}\"},\"query-input\":{\"@type\":\"PropertyValueSpecification\",\"valueRequired\":true,\"valueName\":\"search_term_string\"}}],\"inLanguage\":\"de\"}]}<\/script>\n<!-- \/ Yoast SEO plugin. -->","yoast_head_json":{"title":"Pakket aanbieding Dunlop Rapid Power 3.0 + Cover + Ballen","robots":{"index":"index","follow":"follow","max-snippet":"max-snippet:-1","max-image-preview":"max-image-preview:large","max-video-preview":"max-video-preview:-1"},"canonical":"https:\/\/www.jt-padelsport.com\/de\/produkt\/paketangebot-dunlop-rapid-power-3-0-cover-balle\/","og_locale":"de_DE","og_type":"article","og_title":"Pakket aanbieding Dunlop Rapid Power 3.0 + Cover + Ballen","og_description":"Paketangebot Dunlop Rapid Power 3.0 mit Dunlop Cover\/Schutzh\u00fclle und 3 St\u00fcck Padelb\u00e4llen (Dunlop Pro Padelball).","og_url":"https:\/\/www.jt-padelsport.com\/de\/produkt\/paketangebot-dunlop-rapid-power-3-0-cover-balle\/","og_site_name":"JT-Padelsport.com","article_modified_time":"2023-08-23T12:32:51+00:00","og_image":[{"width":768,"height":768,"url":"https:\/\/www.jt-padelsport.com\/wp-content\/uploads\/2023\/02\/Padelpakket-aanbieding-combi-deal-Dunlop-Rapid-Power-3.0-met-tas-en-ballen-JT-padelsport.png","type":"image\/png"}],"twitter_card":"summary_large_image","schema":{"@context":"https:\/\/schema.org","@graph":[{"@type":"WebPage","@id":"https:\/\/www.jt-padelsport.com\/de\/produkt\/paketangebot-dunlop-rapid-power-3-0-cover-balle\/","url":"https:\/\/www.jt-padelsport.com\/de\/produkt\/paketangebot-dunlop-rapid-power-3-0-cover-balle\/","name":"Pakket aanbieding Dunlop Rapid Power 3.0 + Cover + Ballen","isPartOf":{"@id":"https:\/\/www.jt-padelsport.com\/de\/#website"},"primaryImageOfPage":{"@id":"https:\/\/www.jt-padelsport.com\/de\/produkt\/paketangebot-dunlop-rapid-power-3-0-cover-balle\/#primaryimage"},"image":{"@id":"https:\/\/www.jt-padelsport.com\/de\/produkt\/paketangebot-dunlop-rapid-power-3-0-cover-balle\/#primaryimage"},"thumbnailUrl":"https:\/\/www.jt-padelsport.com\/wp-content\/uploads\/2023\/02\/Padelpakket-aanbieding-combi-deal-Dunlop-Rapid-Power-3.0-met-tas-en-ballen-JT-padelsport.png","datePublished":"2023-02-06T13:08:05+00:00","dateModified":"2023-08-23T12:32:51+00:00","breadcrumb":{"@id":"https:\/\/www.jt-padelsport.com\/de\/produkt\/paketangebot-dunlop-rapid-power-3-0-cover-balle\/#breadcrumb"},"inLanguage":"de","potentialAction":[{"@type":"ReadAction","target":["https:\/\/www.jt-padelsport.com\/de\/produkt\/paketangebot-dunlop-rapid-power-3-0-cover-balle\/"]}]},{"@type":"ImageObject","inLanguage":"de","@id":"https:\/\/www.jt-padelsport.com\/de\/produkt\/paketangebot-dunlop-rapid-power-3-0-cover-balle\/#primaryimage","url":"https:\/\/www.jt-padelsport.com\/wp-content\/uploads\/2023\/02\/Padelpakket-aanbieding-combi-deal-Dunlop-Rapid-Power-3.0-met-tas-en-ballen-JT-padelsport.png","contentUrl":"https:\/\/www.jt-padelsport.com\/wp-content\/uploads\/2023\/02\/Padelpakket-aanbieding-combi-deal-Dunlop-Rapid-Power-3.0-met-tas-en-ballen-JT-padelsport.png","width":768,"height":768,"caption":"Padelpakket aanbieding - combi deal Dunlop Rapid Power 3.0 met tas en ballen - JT-padelsport"},{"@type":"BreadcrumbList","@id":"https:\/\/www.jt-padelsport.com\/de\/produkt\/paketangebot-dunlop-rapid-power-3-0-cover-balle\/#breadcrumb","itemListElement":[{"@type":"ListItem","position":1,"name":"Home","item":"https:\/\/www.jt-padelsport.com\/de\/"},{"@type":"ListItem","position":2,"name":"Shop","item":"https:\/\/www.jt-padelsport.com\/de\/shop\/"},{"@type":"ListItem","position":3,"name":"Padel-Schl\u00e4ger","item":"https:\/\/www.jt-padelsport.com\/de\/padel-schlaeger\/"},{"@type":"ListItem","position":4,"name":"Padel-Paketangebot","item":"https:\/\/www.jt-padelsport.com\/de\/padel-schlaeger\/padel-paketangebot\/"},{"@type":"ListItem","position":5,"name":"Paketangebot Dunlop Rapid Power 3.0 + Cover + B\u00e4lle"}]},{"@type":"WebSite","@id":"https:\/\/www.jt-padelsport.com\/de\/#website","url":"https:\/\/www.jt-padelsport.com\/de\/","name":"JT-Padelsport.com","description":"Padel-Artikel k\u00f6nnen Sie bei JT-Padelsport kaufen","potentialAction":[{"@type":"SearchAction","target":{"@type":"EntryPoint","urlTemplate":"https:\/\/www.jt-padelsport.com\/de\/?s={search_term_string}"},"query-input":{"@type":"PropertyValueSpecification","valueRequired":true,"valueName":"search_term_string"}}],"inLanguage":"de"}]}},"_links":{"self":[{"href":"https:\/\/www.jt-padelsport.com\/de\/wp-json\/wp\/v2\/product\/4430","targetHints":{"allow":["GET"]}}],"collection":[{"href":"https:\/\/www.jt-padelsport.com\/de\/wp-json\/wp\/v2\/product"}],"about":[{"href":"https:\/\/www.jt-padelsport.com\/de\/wp-json\/wp\/v2\/types\/product"}],"wp:featuredmedia":[{"embeddable":true,"href":"https:\/\/www.jt-padelsport.com\/de\/wp-json\/wp\/v2\/media\/4118"}],"wp:attachment":[{"href":"https:\/\/www.jt-padelsport.com\/de\/wp-json\/wp\/v2\/media?parent=4430"}],"wp:term":[{"taxonomy":"product_brand","embeddable":true,"href":"https:\/\/www.jt-padelsport.com\/de\/wp-json\/wp\/v2\/product_brand?post=4430"},{"taxonomy":"product_cat","embeddable":true,"href":"https:\/\/www.jt-padelsport.com\/de\/wp-json\/wp\/v2\/product_cat?post=4430"},{"taxonomy":"product_tag","embeddable":true,"href":"https:\/\/www.jt-padelsport.com\/de\/wp-json\/wp\/v2\/product_tag?post=4430"}],"curies":[{"name":"wp","href":"https:\/\/api.w.org\/{rel}","templated":true}]}}