{"id":4415,"date":"2023-01-16T12:17:25","date_gmt":"2023-01-16T12:17:25","guid":{"rendered":"https:\/\/www.jt-padelsport.com\/product\/dunlop-protection-tape-wit\/"},"modified":"2023-08-23T12:33:15","modified_gmt":"2023-08-23T12:33:15","slug":"dunlop-protection-tape-weiss","status":"publish","type":"product","link":"https:\/\/www.jt-padelsport.com\/de\/produkt\/dunlop-protection-tape-weiss\/","title":{"rendered":"Dunlop Protection Tape Weiss"},"content":{"rendered":"<p>Welche Griffgr\u00f6\u00dfe ben\u00f6tige ich?<br \/>\nEinen Schl\u00e4ger zu quetschen ist f\u00fcr eine gute Technik katastrophal, vergleichen Sie es mit dem Gehen mit gestreckten Beinen. Viel Gl\u00fcck, wenn du sprinten musst. Ein Padelschl\u00e4ger hat zwar einen Standardgriff, aber vielen Spielern f\u00e4llt auf, dass dieser nicht ausreicht. Um einen guten Halt zu erreichen, k\u00f6nnen Sie mit mehreren Lagen Overgrips arbeiten oder sich beispielsweise f\u00fcr einen Hesacore-Griff entscheiden. Als Faustregel gilt, dass die Hand nicht den gesamten Griff umschlie\u00dfen sollte, die Finger sollten frei von der Handfl\u00e4che sein.<\/p>\n","protected":false},"excerpt":{"rendered":"<p>Sch\u00fctzen Sie Ihren Schl\u00e4ger und verbessern Sie das Spiel. Das Band ist ideal f\u00fcr Padelschl\u00e4ger jeder Gr\u00f6\u00dfe und bietet hervorragenden Schutz und zus\u00e4tzliche Haltbarkeit des Schl\u00e4gerrahmens.<\/p>\n","protected":false},"featured_media":3917,"template":"","meta":{"_acf_changed":false},"product_brand":[],"product_cat":[259],"product_tag":[],"class_list":{"0":"post-4415","1":"product","2":"type-product","3":"status-publish","4":"has-post-thumbnail","6":"product_cat-griffe","8":"first","9":"instock","10":"taxable","11":"shipping-taxable","12":"purchasable","13":"product-type-simple"},"acf":[],"yoast_head":"<!-- This site is optimized with the Yoast SEO plugin v27.3 - https:\/\/yoast.com\/product\/yoast-seo-wordpress\/ -->\n<title>Dunlop Protection Tape Weiss - JT-Padelsport.com<\/title>\n<meta name=\"robots\" content=\"index, follow, max-snippet:-1, max-image-preview:large, max-video-preview:-1\" \/>\n<link rel=\"canonical\" href=\"https:\/\/www.jt-padelsport.com\/de\/produkt\/dunlop-protection-tape-weiss\/\" \/>\n<meta property=\"og:locale\" content=\"de_DE\" \/>\n<meta property=\"og:type\" content=\"article\" \/>\n<meta property=\"og:title\" content=\"Dunlop Protection Tape Weiss - JT-Padelsport.com\" \/>\n<meta property=\"og:description\" content=\"Sch\u00fctzen Sie Ihren Schl\u00e4ger und verbessern Sie das Spiel. Das Band ist ideal f\u00fcr Padelschl\u00e4ger jeder Gr\u00f6\u00dfe und bietet hervorragenden Schutz und zus\u00e4tzliche Haltbarkeit des Schl\u00e4gerrahmens.\" \/>\n<meta property=\"og:url\" content=\"https:\/\/www.jt-padelsport.com\/de\/produkt\/dunlop-protection-tape-weiss\/\" \/>\n<meta property=\"og:site_name\" content=\"JT-Padelsport.com\" \/>\n<meta property=\"article:modified_time\" content=\"2023-08-23T12:33:15+00:00\" \/>\n<meta property=\"og:image\" content=\"https:\/\/www.jt-padelsport.com\/wp-content\/uploads\/2023\/01\/Dunlop-protection-tape-wit.png\" \/>\n\t<meta property=\"og:image:width\" content=\"1500\" \/>\n\t<meta property=\"og:image:height\" content=\"1500\" \/>\n\t<meta property=\"og:image:type\" content=\"image\/png\" \/>\n<meta name=\"twitter:card\" content=\"summary_large_image\" \/>\n<script type=\"application\/ld+json\" class=\"yoast-schema-graph\">{\"@context\":\"https:\\\/\\\/schema.org\",\"@graph\":[{\"@type\":\"WebPage\",\"@id\":\"https:\\\/\\\/www.jt-padelsport.com\\\/de\\\/produkt\\\/dunlop-protection-tape-weiss\\\/\",\"url\":\"https:\\\/\\\/www.jt-padelsport.com\\\/de\\\/produkt\\\/dunlop-protection-tape-weiss\\\/\",\"name\":\"Dunlop Protection Tape Weiss - JT-Padelsport.com\",\"isPartOf\":{\"@id\":\"https:\\\/\\\/www.jt-padelsport.com\\\/de\\\/#website\"},\"primaryImageOfPage\":{\"@id\":\"https:\\\/\\\/www.jt-padelsport.com\\\/de\\\/produkt\\\/dunlop-protection-tape-weiss\\\/#primaryimage\"},\"image\":{\"@id\":\"https:\\\/\\\/www.jt-padelsport.com\\\/de\\\/produkt\\\/dunlop-protection-tape-weiss\\\/#primaryimage\"},\"thumbnailUrl\":\"https:\\\/\\\/www.jt-padelsport.com\\\/wp-content\\\/uploads\\\/2023\\\/01\\\/Dunlop-protection-tape-wit.png\",\"datePublished\":\"2023-01-16T12:17:25+00:00\",\"dateModified\":\"2023-08-23T12:33:15+00:00\",\"breadcrumb\":{\"@id\":\"https:\\\/\\\/www.jt-padelsport.com\\\/de\\\/produkt\\\/dunlop-protection-tape-weiss\\\/#breadcrumb\"},\"inLanguage\":\"de\",\"potentialAction\":[{\"@type\":\"ReadAction\",\"target\":[\"https:\\\/\\\/www.jt-padelsport.com\\\/de\\\/produkt\\\/dunlop-protection-tape-weiss\\\/\"]}]},{\"@type\":\"ImageObject\",\"inLanguage\":\"de\",\"@id\":\"https:\\\/\\\/www.jt-padelsport.com\\\/de\\\/produkt\\\/dunlop-protection-tape-weiss\\\/#primaryimage\",\"url\":\"https:\\\/\\\/www.jt-padelsport.com\\\/wp-content\\\/uploads\\\/2023\\\/01\\\/Dunlop-protection-tape-wit.png\",\"contentUrl\":\"https:\\\/\\\/www.jt-padelsport.com\\\/wp-content\\\/uploads\\\/2023\\\/01\\\/Dunlop-protection-tape-wit.png\",\"width\":1500,\"height\":1500,\"caption\":\"Dunlop protection tape - Weiss\"},{\"@type\":\"BreadcrumbList\",\"@id\":\"https:\\\/\\\/www.jt-padelsport.com\\\/de\\\/produkt\\\/dunlop-protection-tape-weiss\\\/#breadcrumb\",\"itemListElement\":[{\"@type\":\"ListItem\",\"position\":1,\"name\":\"Home\",\"item\":\"https:\\\/\\\/www.jt-padelsport.com\\\/de\\\/\"},{\"@type\":\"ListItem\",\"position\":2,\"name\":\"Shop\",\"item\":\"https:\\\/\\\/www.jt-padelsport.com\\\/de\\\/shop\\\/\"},{\"@type\":\"ListItem\",\"position\":3,\"name\":\"Griffe\",\"item\":\"https:\\\/\\\/www.jt-padelsport.com\\\/de\\\/griffe\\\/\"},{\"@type\":\"ListItem\",\"position\":4,\"name\":\"Dunlop Protection Tape Weiss\"}]},{\"@type\":\"WebSite\",\"@id\":\"https:\\\/\\\/www.jt-padelsport.com\\\/de\\\/#website\",\"url\":\"https:\\\/\\\/www.jt-padelsport.com\\\/de\\\/\",\"name\":\"JT-Padelsport.com\",\"description\":\"Padel-Artikel k\u00f6nnen Sie bei JT-Padelsport kaufen\",\"potentialAction\":[{\"@type\":\"SearchAction\",\"target\":{\"@type\":\"EntryPoint\",\"urlTemplate\":\"https:\\\/\\\/www.jt-padelsport.com\\\/de\\\/?s={search_term_string}\"},\"query-input\":{\"@type\":\"PropertyValueSpecification\",\"valueRequired\":true,\"valueName\":\"search_term_string\"}}],\"inLanguage\":\"de\"}]}<\/script>\n<!-- \/ Yoast SEO plugin. -->","yoast_head_json":{"title":"Dunlop Protection Tape Weiss - JT-Padelsport.com","robots":{"index":"index","follow":"follow","max-snippet":"max-snippet:-1","max-image-preview":"max-image-preview:large","max-video-preview":"max-video-preview:-1"},"canonical":"https:\/\/www.jt-padelsport.com\/de\/produkt\/dunlop-protection-tape-weiss\/","og_locale":"de_DE","og_type":"article","og_title":"Dunlop Protection Tape Weiss - JT-Padelsport.com","og_description":"Sch\u00fctzen Sie Ihren Schl\u00e4ger und verbessern Sie das Spiel. Das Band ist ideal f\u00fcr Padelschl\u00e4ger jeder Gr\u00f6\u00dfe und bietet hervorragenden Schutz und zus\u00e4tzliche Haltbarkeit des Schl\u00e4gerrahmens.","og_url":"https:\/\/www.jt-padelsport.com\/de\/produkt\/dunlop-protection-tape-weiss\/","og_site_name":"JT-Padelsport.com","article_modified_time":"2023-08-23T12:33:15+00:00","og_image":[{"width":1500,"height":1500,"url":"https:\/\/www.jt-padelsport.com\/wp-content\/uploads\/2023\/01\/Dunlop-protection-tape-wit.png","type":"image\/png"}],"twitter_card":"summary_large_image","schema":{"@context":"https:\/\/schema.org","@graph":[{"@type":"WebPage","@id":"https:\/\/www.jt-padelsport.com\/de\/produkt\/dunlop-protection-tape-weiss\/","url":"https:\/\/www.jt-padelsport.com\/de\/produkt\/dunlop-protection-tape-weiss\/","name":"Dunlop Protection Tape Weiss - JT-Padelsport.com","isPartOf":{"@id":"https:\/\/www.jt-padelsport.com\/de\/#website"},"primaryImageOfPage":{"@id":"https:\/\/www.jt-padelsport.com\/de\/produkt\/dunlop-protection-tape-weiss\/#primaryimage"},"image":{"@id":"https:\/\/www.jt-padelsport.com\/de\/produkt\/dunlop-protection-tape-weiss\/#primaryimage"},"thumbnailUrl":"https:\/\/www.jt-padelsport.com\/wp-content\/uploads\/2023\/01\/Dunlop-protection-tape-wit.png","datePublished":"2023-01-16T12:17:25+00:00","dateModified":"2023-08-23T12:33:15+00:00","breadcrumb":{"@id":"https:\/\/www.jt-padelsport.com\/de\/produkt\/dunlop-protection-tape-weiss\/#breadcrumb"},"inLanguage":"de","potentialAction":[{"@type":"ReadAction","target":["https:\/\/www.jt-padelsport.com\/de\/produkt\/dunlop-protection-tape-weiss\/"]}]},{"@type":"ImageObject","inLanguage":"de","@id":"https:\/\/www.jt-padelsport.com\/de\/produkt\/dunlop-protection-tape-weiss\/#primaryimage","url":"https:\/\/www.jt-padelsport.com\/wp-content\/uploads\/2023\/01\/Dunlop-protection-tape-wit.png","contentUrl":"https:\/\/www.jt-padelsport.com\/wp-content\/uploads\/2023\/01\/Dunlop-protection-tape-wit.png","width":1500,"height":1500,"caption":"Dunlop protection tape - Weiss"},{"@type":"BreadcrumbList","@id":"https:\/\/www.jt-padelsport.com\/de\/produkt\/dunlop-protection-tape-weiss\/#breadcrumb","itemListElement":[{"@type":"ListItem","position":1,"name":"Home","item":"https:\/\/www.jt-padelsport.com\/de\/"},{"@type":"ListItem","position":2,"name":"Shop","item":"https:\/\/www.jt-padelsport.com\/de\/shop\/"},{"@type":"ListItem","position":3,"name":"Griffe","item":"https:\/\/www.jt-padelsport.com\/de\/griffe\/"},{"@type":"ListItem","position":4,"name":"Dunlop Protection Tape Weiss"}]},{"@type":"WebSite","@id":"https:\/\/www.jt-padelsport.com\/de\/#website","url":"https:\/\/www.jt-padelsport.com\/de\/","name":"JT-Padelsport.com","description":"Padel-Artikel k\u00f6nnen Sie bei JT-Padelsport kaufen","potentialAction":[{"@type":"SearchAction","target":{"@type":"EntryPoint","urlTemplate":"https:\/\/www.jt-padelsport.com\/de\/?s={search_term_string}"},"query-input":{"@type":"PropertyValueSpecification","valueRequired":true,"valueName":"search_term_string"}}],"inLanguage":"de"}]}},"_links":{"self":[{"href":"https:\/\/www.jt-padelsport.com\/de\/wp-json\/wp\/v2\/product\/4415","targetHints":{"allow":["GET"]}}],"collection":[{"href":"https:\/\/www.jt-padelsport.com\/de\/wp-json\/wp\/v2\/product"}],"about":[{"href":"https:\/\/www.jt-padelsport.com\/de\/wp-json\/wp\/v2\/types\/product"}],"wp:featuredmedia":[{"embeddable":true,"href":"https:\/\/www.jt-padelsport.com\/de\/wp-json\/wp\/v2\/media\/3917"}],"wp:attachment":[{"href":"https:\/\/www.jt-padelsport.com\/de\/wp-json\/wp\/v2\/media?parent=4415"}],"wp:term":[{"taxonomy":"product_brand","embeddable":true,"href":"https:\/\/www.jt-padelsport.com\/de\/wp-json\/wp\/v2\/product_brand?post=4415"},{"taxonomy":"product_cat","embeddable":true,"href":"https:\/\/www.jt-padelsport.com\/de\/wp-json\/wp\/v2\/product_cat?post=4415"},{"taxonomy":"product_tag","embeddable":true,"href":"https:\/\/www.jt-padelsport.com\/de\/wp-json\/wp\/v2\/product_tag?post=4415"}],"curies":[{"name":"wp","href":"https:\/\/api.w.org\/{rel}","templated":true}]}}